{"id":148,"date":"2018-02-15T23:01:49","date_gmt":"2018-02-15T23:01:49","guid":{"rendered":"https:\/\/www.bgemc.com\/wp\/?page_id=148"},"modified":"2020-11-13T11:56:44","modified_gmt":"2020-11-13T11:56:44","slug":"tests-de-conformite","status":"publish","type":"page","link":"https:\/\/www.bgemc.com\/?page_id=148&lang=fr","title":{"rendered":"Tests de conformit\u00e9"},"content":{"rendered":"<p>Le labo Blue Guide EMC fonctionne sous contr\u00f4le et accr\u00e9ditation (BELAC 082-TEST) de BELAC. Tous les tests et mesures sur vos appareils, conceptions ou dispositifs seront men\u00e9s conform\u00e9ment aux normes applicables. Le rapport remis apr\u00e8s les tests de conformit\u00e9 permet \u00e0 nos clients d&#8217;obtenir le marquage CE et d&#8217;\u00e9tablir un certificat de conformit\u00e9. Ces rapports sont officiellement accr\u00e9dit\u00e9s et ne peuvent \u00eatre contest\u00e9s par des tiers; ils offrent donc toute la s\u00e9curit\u00e9 requise en cas d&#8217;\u00e9tude de march\u00e9. Blue Guide EMC est \u00e9galement accr\u00e9dit\u00e9 pour les tests et mesures DBT (directive basse tension).<br \/>\n<img fetchpriority=\"high\" decoding=\"async\" class=\"alignleft size-full wp-image-92\" src=\"https:\/\/www.bgemc.com\/wp-content\/uploads\/2018\/02\/1084-img3.png\" alt=\"\" width=\"300\" height=\"300\" srcset=\"https:\/\/www.bgemc.com\/wp-content\/uploads\/2018\/02\/1084-img3.png 300w, https:\/\/www.bgemc.com\/wp-content\/uploads\/2018\/02\/1084-img3-150x150.png 150w, https:\/\/www.bgemc.com\/wp-content\/uploads\/2018\/02\/1084-img3-100x100.png 100w\" sizes=\"(max-width: 300px) 100vw, 300px\" \/><\/p>\n","protected":false},"excerpt":{"rendered":"<p>Le labo Blue Guide EMC fonctionne sous contr\u00f4le et accr\u00e9ditation de BELAC. Tous les tests et mesures \u2026<\/p>\n","protected":false},"author":1,"featured_media":108,"parent":0,"menu_order":1,"comment_status":"closed","ping_status":"closed","template":"page-templates\/template-portfolio.php","meta":{"inline_featured_image":false,"footnotes":""},"class_list":["post-148","page","type-page","status-publish","has-post-thumbnail","hentry"],"_links":{"self":[{"href":"https:\/\/www.bgemc.com\/index.php?rest_route=\/wp\/v2\/pages\/148","targetHints":{"allow":["GET"]}}],"collection":[{"href":"https:\/\/www.bgemc.com\/index.php?rest_route=\/wp\/v2\/pages"}],"about":[{"href":"https:\/\/www.bgemc.com\/index.php?rest_route=\/wp\/v2\/types\/page"}],"author":[{"embeddable":true,"href":"https:\/\/www.bgemc.com\/index.php?rest_route=\/wp\/v2\/users\/1"}],"replies":[{"embeddable":true,"href":"https:\/\/www.bgemc.com\/index.php?rest_route=%2Fwp%2Fv2%2Fcomments&post=148"}],"version-history":[{"count":0,"href":"https:\/\/www.bgemc.com\/index.php?rest_route=\/wp\/v2\/pages\/148\/revisions"}],"wp:featuredmedia":[{"embeddable":true,"href":"https:\/\/www.bgemc.com\/index.php?rest_route=\/wp\/v2\/media\/108"}],"wp:attachment":[{"href":"https:\/\/www.bgemc.com\/index.php?rest_route=%2Fwp%2Fv2%2Fmedia&parent=148"}],"curies":[{"name":"wp","href":"https:\/\/api.w.org\/{rel}","templated":true}]}}