{"id":157,"date":"2018-02-15T23:12:35","date_gmt":"2018-02-15T23:12:35","guid":{"rendered":"https:\/\/www.bgemc.com\/wp\/?page_id=157"},"modified":"2020-06-25T08:52:33","modified_gmt":"2020-06-25T08:52:33","slug":"conseil-et-support","status":"publish","type":"page","link":"https:\/\/www.bgemc.com\/?page_id=157&lang=fr","title":{"rendered":"Conseil et support"},"content":{"rendered":"<p>Outre les tests, Blue Guide EMC lab peut \u00e9galement offrir des conseils et de l&#8217;expertise aux concepteurs pour un marquage CE en g\u00e9n\u00e9ral ou dans la recherche de solutions \u00e0 des probl\u00e8mes CEM et DBT rencontr\u00e9s sur une conception ou un appareillage sp\u00e9cifique.<br \/>\n<img fetchpriority=\"high\" decoding=\"async\" class=\"alignleft size-full wp-image-93\" src=\"https:\/\/www.bgemc.com\/wp-content\/uploads\/2018\/02\/1084-img4.png\" alt=\"\" width=\"300\" height=\"300\" srcset=\"https:\/\/www.bgemc.com\/wp-content\/uploads\/2018\/02\/1084-img4.png 300w, https:\/\/www.bgemc.com\/wp-content\/uploads\/2018\/02\/1084-img4-150x150.png 150w, https:\/\/www.bgemc.com\/wp-content\/uploads\/2018\/02\/1084-img4-100x100.png 100w\" sizes=\"(max-width: 300px) 100vw, 300px\" \/><\/p>\n","protected":false},"excerpt":{"rendered":"<p>Outre les tests, Blue Guide EMC lab peut \u00e9galement offrir des conseils et de l&#8217;expertise aux concepteurs \u2026<\/p>\n","protected":false},"author":1,"featured_media":107,"parent":0,"menu_order":4,"comment_status":"closed","ping_status":"closed","template":"page-templates\/template-portfolio.php","meta":{"inline_featured_image":false,"footnotes":""},"class_list":["post-157","page","type-page","status-publish","has-post-thumbnail","hentry"],"_links":{"self":[{"href":"https:\/\/www.bgemc.com\/index.php?rest_route=\/wp\/v2\/pages\/157","targetHints":{"allow":["GET"]}}],"collection":[{"href":"https:\/\/www.bgemc.com\/index.php?rest_route=\/wp\/v2\/pages"}],"about":[{"href":"https:\/\/www.bgemc.com\/index.php?rest_route=\/wp\/v2\/types\/page"}],"author":[{"embeddable":true,"href":"https:\/\/www.bgemc.com\/index.php?rest_route=\/wp\/v2\/users\/1"}],"replies":[{"embeddable":true,"href":"https:\/\/www.bgemc.com\/index.php?rest_route=%2Fwp%2Fv2%2Fcomments&post=157"}],"version-history":[{"count":0,"href":"https:\/\/www.bgemc.com\/index.php?rest_route=\/wp\/v2\/pages\/157\/revisions"}],"wp:featuredmedia":[{"embeddable":true,"href":"https:\/\/www.bgemc.com\/index.php?rest_route=\/wp\/v2\/media\/107"}],"wp:attachment":[{"href":"https:\/\/www.bgemc.com\/index.php?rest_route=%2Fwp%2Fv2%2Fmedia&parent=157"}],"curies":[{"name":"wp","href":"https:\/\/api.w.org\/{rel}","templated":true}]}}