{"id":604,"date":"2018-06-07T14:06:35","date_gmt":"2018-06-07T14:06:35","guid":{"rendered":"https:\/\/www.bgemc.com\/wp\/?page_id=604"},"modified":"2020-11-13T11:58:12","modified_gmt":"2020-11-13T11:58:12","slug":"une-mission-claire","status":"publish","type":"page","link":"https:\/\/www.bgemc.com\/?page_id=604&lang=fr","title":{"rendered":"Une mission claire"},"content":{"rendered":"<h4>La mission du Blue Guide EMC Lab est de fournir des services et du support dans les domaines de la CEM et DBT (s\u00e9curit\u00e9 des produits). Nous voulons aider nos clients \u00e0 commercialiser rapidement leurs produits en toute s\u00e9curit\u00e9 et de mani\u00e8re fiable.<\/h4>\n<h4><span style=\"color: #7d64ff;\"><strong>Les services et le support propos\u00e9s incluent:<\/strong><\/span><\/h4>\n<ul>\n<li>Tests accr\u00e9dit\u00e9s (BELAC 082-TEST) EMC et LVD (s\u00e9curit\u00e9 des produits) relatifs aux normes europ\u00e9ennes et aux standards FCC.<\/li>\n<li>Conseil par rapport aux causes de probl\u00e8mes rencontr\u00e9s lors des test CEM et DBT (s\u00e9curit\u00e9 des produits) et aide aux solutions.<\/li>\n<li>Tests de pr\u00e9-conformit\u00e9, pour \u00e9valuer rapidement l&#8217;impact des optimisations.<\/li>\n<li>Formation et guidance sur les probl\u00e8mes de CEM.<\/li>\n<li>Maintenance et mise \u00e0 niveau permanente des Equipements de mesure.<\/li>\n<li>Personnel form\u00e9 et comp\u00e9tent travaillant suivant les normes de qualit\u00e9.<\/li>\n<\/ul>\n<h4><span class=\"h3\" style=\"color: #7d64ff;\"><strong>\u00a0Tests de compatibilit\u00e9 \u00e9lectromagn\u00e9tique:<\/strong><\/span><\/h4>\n<ul>\n<li>Emissions conduites,<\/li>\n<li>Emissions rayonn\u00e9es,<\/li>\n<li>Immunit\u00e9 (au rayonnement, aux d\u00e9charges et \u00e0 l&#8217;entr\u00e9e),<\/li>\n<li>Flicker, harmoniques BF et transitoires<\/li>\n<\/ul>\n<h4><span class=\"h3\" style=\"color: #7d64ff;\"><strong>Tests DBT (s\u00e9curit\u00e9 des produits) incluant:<\/strong><\/span><\/h4>\n<ul>\n<li>La mesure du courant de fuite<\/li>\n<li>Le test d&#8217;isolement<\/li>\n<li>L&#8217;\u00e9valuation pour le marquage du produit<br \/>\n&#8211; Evaluation des distances dans l&#8217;air,\u00a0lignes de fuite et distances \u00e0 travers l&#8217;isolation<br \/>\n&#8211; Evaluation de la fabrication<br \/>\n&#8211; Test de mise \u00e0 la terre (continuit\u00e9)<br \/>\n&#8211; Evaluation de la documentation<\/li>\n<\/ul>\n<h4><span class=\"h3\"><span style=\"color: #7d64ff;\"><strong>BGEMC cible des clients dans les secteurs suivants<\/strong>:<\/span><\/span><\/h4>\n<ul>\n<li>Constructeurs d&#8217;appareils, de machines et d&#8217;\u00e9quipements,<\/li>\n<li>D\u00e9partement de R&amp;D en \u00e9lectronique,<\/li>\n<li>Importateurs de produits de consommation,<\/li>\n<li>Equipementiers pour l&#8217;industrie automobile.<\/li>\n<\/ul>\n<h4><span class=\"h3\"><span style=\"color: #7d64ff;\"><strong>\u00a0S\u00e9curit\u00e9 et fiabilit\u00e9<\/strong>:<\/span><\/span><\/h4>\n<ul>\n<li>S\u00e9curit\u00e9 et fiabilit\u00e9 en ce qui concerne toute certification CEM et DBT (s\u00e9curit\u00e9 des produits)<\/li>\n<\/ul>\n<h4><span class=\"h3\"><span style=\"color: #7d64ff;\"><strong>\u00a0\u00a0\u00a0BGEMC d\u00e9tient l&#8217;expertise pour les produits dans les\u00a0march\u00e9s suivants<\/strong>:<\/span><\/span><\/h4>\n<ul>\n<li>Focalisation principale sur le march\u00e9 europ\u00e9en (mais \u00e9galement les march\u00e9s am\u00e9ricain et canadien)<\/li>\n<li>Pas de limitation \u00e0 certains secteurs,<\/li>\n<li>Supporte le client dans l&#8217;analyse des normes qui s&#8217;appliquent \u00e0 son march\u00e9.<\/li>\n<\/ul>\n","protected":false},"excerpt":{"rendered":"<p>La mission du Blue Guide EMC Lab est de fournir des services et du support dans les domaines de la CEM et DBT (s\u00e9curit\u00e9 des<\/p>\n","protected":false},"author":1,"featured_media":108,"parent":0,"menu_order":1,"comment_status":"closed","ping_status":"closed","template":"","meta":{"inline_featured_image":false,"footnotes":""},"class_list":["post-604","page","type-page","status-publish","has-post-thumbnail","hentry"],"_links":{"self":[{"href":"https:\/\/www.bgemc.com\/index.php?rest_route=\/wp\/v2\/pages\/604","targetHints":{"allow":["GET"]}}],"collection":[{"href":"https:\/\/www.bgemc.com\/index.php?rest_route=\/wp\/v2\/pages"}],"about":[{"href":"https:\/\/www.bgemc.com\/index.php?rest_route=\/wp\/v2\/types\/page"}],"author":[{"embeddable":true,"href":"https:\/\/www.bgemc.com\/index.php?rest_route=\/wp\/v2\/users\/1"}],"replies":[{"embeddable":true,"href":"https:\/\/www.bgemc.com\/index.php?rest_route=%2Fwp%2Fv2%2Fcomments&post=604"}],"version-history":[{"count":0,"href":"https:\/\/www.bgemc.com\/index.php?rest_route=\/wp\/v2\/pages\/604\/revisions"}],"wp:featuredmedia":[{"embeddable":true,"href":"https:\/\/www.bgemc.com\/index.php?rest_route=\/wp\/v2\/media\/108"}],"wp:attachment":[{"href":"https:\/\/www.bgemc.com\/index.php?rest_route=%2Fwp%2Fv2%2Fmedia&parent=604"}],"curies":[{"name":"wp","href":"https:\/\/api.w.org\/{rel}","templated":true}]}}