{"id":611,"date":"2018-08-16T12:10:44","date_gmt":"2018-08-16T12:10:44","guid":{"rendered":"https:\/\/www.bgemc.com\/wp\/?page_id=611"},"modified":"2022-01-31T06:51:21","modified_gmt":"2022-01-31T06:51:21","slug":"historique","status":"publish","type":"page","link":"https:\/\/www.bgemc.com\/?page_id=611&lang=fr","title":{"rendered":"Historique"},"content":{"rendered":"<h4>Le laboratoire CEM et DBT (s\u00e9curit\u00e9 des produits) a \u00e9t\u00e9 cr\u00e9\u00e9 en 1996 par Pioneer Electronics dans les locaux actuels \u00e0 Erpe-Mere, Belgique. Apr\u00e8s la reprise en 2009 par Dekimo, le laboratoire a continu\u00e9 \u00e0 investir dans des instruments de haute qualit\u00e9, des logiciels avanc\u00e9s et un personnel exp\u00e9riment\u00e9.<\/h4>\n<p><img fetchpriority=\"high\" decoding=\"async\" class=\"alignleft wp-image-865 size-full\" src=\"https:\/\/www.bgemc.com\/wp-content\/uploads\/2022\/01\/1158-history-2.jpg\" alt=\"\" width=\"1200\" height=\"536\" \/><\/p>\n<p>&nbsp;<\/p>\n<p><a href=\"https:\/\/www.bgemc.com\/\" target=\"_blank\" rel=\"noopener noreferrer\"><br \/>\n<\/a><span style=\"color: #3366ff;\"><a style=\"color: #3366ff;\" href=\"https:\/\/www.dekimo.com\/\" target=\"_blank\" rel=\"noopener noreferrer\">www.dekimo.com<\/a><\/span><a href=\"https:\/\/www.bgemc.com\/\" target=\"_blank\" rel=\"noopener noreferrer\"><br \/>\n<span style=\"color: #7d64ff;\">www.bgemc.com<\/span><\/a><\/p>\n","protected":false},"excerpt":{"rendered":"<p>Le laboratoire CEM et DBT (s\u00e9curit\u00e9 des produits) a \u00e9t\u00e9 cr\u00e9\u00e9 en 1996 par Pioneer Electronics dans les locaux actuels \u00e0 Erpe-Mere, Belgique. Apr\u00e8s la<\/p>\n","protected":false},"author":1,"featured_media":108,"parent":0,"menu_order":1,"comment_status":"closed","ping_status":"closed","template":"","meta":{"inline_featured_image":false,"footnotes":""},"class_list":["post-611","page","type-page","status-publish","has-post-thumbnail","hentry"],"_links":{"self":[{"href":"https:\/\/www.bgemc.com\/index.php?rest_route=\/wp\/v2\/pages\/611","targetHints":{"allow":["GET"]}}],"collection":[{"href":"https:\/\/www.bgemc.com\/index.php?rest_route=\/wp\/v2\/pages"}],"about":[{"href":"https:\/\/www.bgemc.com\/index.php?rest_route=\/wp\/v2\/types\/page"}],"author":[{"embeddable":true,"href":"https:\/\/www.bgemc.com\/index.php?rest_route=\/wp\/v2\/users\/1"}],"replies":[{"embeddable":true,"href":"https:\/\/www.bgemc.com\/index.php?rest_route=%2Fwp%2Fv2%2Fcomments&post=611"}],"version-history":[{"count":0,"href":"https:\/\/www.bgemc.com\/index.php?rest_route=\/wp\/v2\/pages\/611\/revisions"}],"wp:featuredmedia":[{"embeddable":true,"href":"https:\/\/www.bgemc.com\/index.php?rest_route=\/wp\/v2\/media\/108"}],"wp:attachment":[{"href":"https:\/\/www.bgemc.com\/index.php?rest_route=%2Fwp%2Fv2%2Fmedia&parent=611"}],"curies":[{"name":"wp","href":"https:\/\/api.w.org\/{rel}","templated":true}]}}