{"id":647,"date":"2018-08-16T13:32:54","date_gmt":"2018-08-16T13:32:54","guid":{"rendered":"https:\/\/www.bgemc.com\/wp\/?page_id=647"},"modified":"2026-01-09T10:25:43","modified_gmt":"2026-01-09T10:25:43","slug":"compatibilite-electromagnetique-cem","status":"publish","type":"page","link":"https:\/\/www.bgemc.com\/?page_id=647&lang=fr","title":{"rendered":"Compatibilit\u00e9  Electromagn\u00e9tique (CEM)"},"content":{"rendered":"<h4>La compatibilit\u00e9 \u00e9lectromagn\u00e9tique (CEM) garanti que les fonctionnalit\u00e9s d&#8217;un appareil sont maintenues et que les radiations \u00e9mises sont dans les normes.<\/h4>\n<h4><span style=\"color: #7d64ff;\">Rayonnement \u00e9lectromagn\u00e9tique<\/span><\/h4>\n<p>Le rayonnement \u00e9lectromagn\u00e9tique peut \u00eatre:<br \/>\n1. G\u00e9n\u00e9r\u00e9 par l&#8217;appareil lui-m\u00eame (Emission)<br \/>\n2. G\u00e9n\u00e9r\u00e9 par l&#8217;environnement (Immunit\u00e9).<\/p>\n<p>Le labo BGEMC poss\u00e8de les infrastructures et l&#8217;expertise pour effectuer ces <strong>tests CEM<\/strong>.<\/p>\n<p><img decoding=\"async\" class=\"alignleft size-medium wp-image-299\" src=\"https:\/\/www.bgemc.com\/wp-content\/uploads\/2018\/02\/1084-EMC_Immunity-test-system-300x300.jpg\" alt=\"\" width=\"175\" height=\"175\" srcset=\"https:\/\/www.bgemc.com\/wp-content\/uploads\/2018\/02\/1084-EMC_Immunity-test-system-300x300.jpg 300w, https:\/\/www.bgemc.com\/wp-content\/uploads\/2018\/02\/1084-EMC_Immunity-test-system-480x480.jpg 480w, https:\/\/www.bgemc.com\/wp-content\/uploads\/2018\/02\/1084-EMC_Immunity-test-system-100x100.jpg 100w, https:\/\/www.bgemc.com\/wp-content\/uploads\/2018\/02\/1084-EMC_Immunity-test-system-150x150.jpg 150w, https:\/\/www.bgemc.com\/wp-content\/uploads\/2018\/02\/1084-EMC_Immunity-test-system-768x768.jpg 768w, https:\/\/www.bgemc.com\/wp-content\/uploads\/2018\/02\/1084-EMC_Immunity-test-system.jpg 800w\" sizes=\"(max-width: 175px) 100vw, 175px\" \/> <img decoding=\"async\" class=\"alignleft size-medium wp-image-298\" src=\"https:\/\/www.bgemc.com\/wp-content\/uploads\/2018\/02\/1084-EMC_Apparatus-in-Shielded-Chamber-300x300.jpg\" alt=\"\" width=\"175\" height=\"175\" srcset=\"https:\/\/www.bgemc.com\/wp-content\/uploads\/2018\/02\/1084-EMC_Apparatus-in-Shielded-Chamber-300x300.jpg 300w, https:\/\/www.bgemc.com\/wp-content\/uploads\/2018\/02\/1084-EMC_Apparatus-in-Shielded-Chamber-480x480.jpg 480w, https:\/\/www.bgemc.com\/wp-content\/uploads\/2018\/02\/1084-EMC_Apparatus-in-Shielded-Chamber-100x100.jpg 100w, https:\/\/www.bgemc.com\/wp-content\/uploads\/2018\/02\/1084-EMC_Apparatus-in-Shielded-Chamber-150x150.jpg 150w, https:\/\/www.bgemc.com\/wp-content\/uploads\/2018\/02\/1084-EMC_Apparatus-in-Shielded-Chamber-768x768.jpg 768w, https:\/\/www.bgemc.com\/wp-content\/uploads\/2018\/02\/1084-EMC_Apparatus-in-Shielded-Chamber.jpg 800w\" sizes=\"(max-width: 175px) 100vw, 175px\" \/> <img decoding=\"async\" class=\"alignleft size-medium wp-image-297\" src=\"https:\/\/www.bgemc.com\/wp-content\/uploads\/2018\/02\/1084-EMC_Apparatus-in-Anechoic-Chamber-300x300.jpg\" alt=\"\" width=\"175\" height=\"175\" srcset=\"https:\/\/www.bgemc.com\/wp-content\/uploads\/2018\/02\/1084-EMC_Apparatus-in-Anechoic-Chamber-300x300.jpg 300w, https:\/\/www.bgemc.com\/wp-content\/uploads\/2018\/02\/1084-EMC_Apparatus-in-Anechoic-Chamber-480x480.jpg 480w, https:\/\/www.bgemc.com\/wp-content\/uploads\/2018\/02\/1084-EMC_Apparatus-in-Anechoic-Chamber-100x100.jpg 100w, https:\/\/www.bgemc.com\/wp-content\/uploads\/2018\/02\/1084-EMC_Apparatus-in-Anechoic-Chamber-150x150.jpg 150w, https:\/\/www.bgemc.com\/wp-content\/uploads\/2018\/02\/1084-EMC_Apparatus-in-Anechoic-Chamber-768x768.jpg 768w, https:\/\/www.bgemc.com\/wp-content\/uploads\/2018\/02\/1084-EMC_Apparatus-in-Anechoic-Chamber.jpg 800w\" sizes=\"(max-width: 175px) 100vw, 175px\" \/> <img loading=\"lazy\" decoding=\"async\" class=\"alignleft size-medium wp-image-296\" src=\"https:\/\/www.bgemc.com\/wp-content\/uploads\/2018\/02\/1084-EMC_Anechoic-Chamber-300x300.jpg\" alt=\"\" width=\"175\" height=\"175\" srcset=\"https:\/\/www.bgemc.com\/wp-content\/uploads\/2018\/02\/1084-EMC_Anechoic-Chamber-300x300.jpg 300w, https:\/\/www.bgemc.com\/wp-content\/uploads\/2018\/02\/1084-EMC_Anechoic-Chamber-480x480.jpg 480w, https:\/\/www.bgemc.com\/wp-content\/uploads\/2018\/02\/1084-EMC_Anechoic-Chamber-100x100.jpg 100w, https:\/\/www.bgemc.com\/wp-content\/uploads\/2018\/02\/1084-EMC_Anechoic-Chamber-150x150.jpg 150w, https:\/\/www.bgemc.com\/wp-content\/uploads\/2018\/02\/1084-EMC_Anechoic-Chamber-768x768.jpg 768w, https:\/\/www.bgemc.com\/wp-content\/uploads\/2018\/02\/1084-EMC_Anechoic-Chamber.jpg 800w\" sizes=\"(max-width: 175px) 100vw, 175px\" \/><\/p>\n<h4><span class=\"h3\" style=\"color: #7d64ff;\"><br \/>\nL\u00e9gislation<\/span><\/h4>\n<p>1. Europe<\/p>\n<p>Avant qu&#8217;un produit puisse \u00eatre mis sur le march\u00e9 Europ\u00e9en il doit satisfaire aux exigences list\u00e9es dans les directives.<br \/>\nDiverses directives s&#8217;appliquent, y compris :<br \/>\n1.1 La directive CEM applicable lorsque le produit incorpore des composants \u00e9lectroniques actifs.<br \/>\n1.2 La directive RED (Radio Equipment Directive) applicable si le produit utilise ou transmet des communications sans fil.<\/p>\n<p>2. Etats Unis d&#8217;Am\u00e9rique<br \/>\nTest FCC (seule l&#8217;\u00e9mission est applicable)<\/p>\n<p>3. Canada<br \/>\nTest ICES (seule l&#8217;\u00e9mission est applicable)<\/p>\n<p>Le laboratoire BGEMC peut effectuer les tests CEM pour prouver sa conformit\u00e9 aux normes qui lui sont applicables.<\/p>\n<h4><span class=\"h3\" style=\"color: #7d64ff;\">Applications<\/span><\/h4>\n<p>&#8211; Equipement de technologie de l&#8217;information (ETI)<br \/>\n&#8211; Application et produits m\u00e9dicaux<br \/>\n&#8211; Laboratoire et \u00e9quipements de mesure<br \/>\n&#8211; Traction<br \/>\n&#8211; V\u00e9hicules agricoles<br \/>\n&#8211; Domotique<br \/>\n&#8211; Marine<br \/>\n&#8211; \u2026<\/p>\n<h4><span class=\"h3\" style=\"color: #7d64ff;\">Normes<\/span><\/h4>\n<p>Le <span style=\"color: #7d64ff;\"><a style=\"color: #7d64ff;\" href=\"#tabel\">tableau<\/a><\/span> ci-apr\u00e8s donne un aper\u00e7u des normes que le labo BGEMC peut tester sur les \u00e9quipements.<br \/>\nCette liste n&#8217;est pas limitative. N&#8217;h\u00e9sitez pas \u00e0 nous contacter pour toute question sp\u00e9cifique.<\/p>\n<h4><span class=\"h3\"><span style=\"color: #7d64ff;\">Infrastructure EMC<\/span>\u00a0<\/span><\/h4>\n<p><strong>Semi Anechoic Room <\/strong><br \/>\n3 m full compliant measurements<br \/>\nW: 6.2 m, L: 9.5 m, H: 5.9 m<br \/>\nDoor W: 118 cm H: 202 cm<br \/>\nMax. Frequency: 18 GHz<\/p>\n<p><strong>Full Anechoic Room<\/strong><br \/>\n3 m full compliant measurements<br \/>\nW: 4.2 m, L: 7.4 m, H: 3.4 m<br \/>\nDoor W: 118 cm H: 202 cm<br \/>\nMax. weight: 80 kg<br \/>\nMax. Frequency: 6 GHz<\/p>\n<p><strong>Chambre blind\u00e9e<\/strong><br \/>\nl: 6.2 m, L: 9.5 m, H: 2.5 m<\/p>\n<p><strong>Bobine de Helmholz<\/strong><br \/>\nl: 1.2 m, L: 1.2 m, H: 1.2 m<\/p>\n<p><strong>Emissions de courants harmoniques<\/strong><\/p>\n<p><strong>Changements de tension, Fluctuation et Flicker<\/strong><\/p>\n<h4><span class=\"h3\" style=\"color: #7d64ff;\">Mode op\u00e9ratoire<\/span><\/h4>\n<p><strong>1. Essais de conformit\u00e9<\/strong><br \/>\nDans le cas d&#8217;\u00e9chec durant le test de conformit\u00e9 et qu&#8217;une solution acceptable peut \u00eatre appliqu\u00e9e pour le r\u00e9soudre, on pourra poursuivre le test comme test de pr\u00e9 conformit\u00e9.<\/p>\n<p><strong>2. Conseil:<\/strong> Dans le cas ou une recherche approfondie est n\u00e9cessaire pour r\u00e9soudre un probl\u00e8me, on peut faire appel, sur place, au conseil d&#8217;un expert ind\u00e9pendant.<br \/>\n<a name=\"tabel\"><\/a><br \/>\n<strong>3. Test de pr\u00e9 conformit\u00e9<\/strong><br \/>\nOn peut tester les prototypes (typiquement pour le rayonnement \u00e9mis, les \u00e9missions conduites et l&#8217;immunit\u00e9 au rayonnement).<br \/>\nLes tests sont r\u00e9alis\u00e9s avec le m\u00eame \u00e9quipement de mesure calibr\u00e9 et les m\u00eames ing\u00e9nieurs sp\u00e9cialis\u00e9s.<\/p>\n<table class=\"tabletext\" width=\"700\" cellspacing=\"0\" cellpadding=\"0\">\n<tbody>\n<tr>\n<td bgcolor=\"#CCCCFF\" width=\"75\"><\/td>\n<td align=\"center\" bgcolor=\"#CCCCFF\" width=\"218\"><strong>Standard ID<\/strong><\/td>\n<td align=\"center\" bgcolor=\"#CCCCFF\" width=\"696\"><strong>Description<\/strong><\/td>\n<\/tr>\n<p><!-- Emission --><\/p>\n<tr>\n<td bgcolor=\"#CCCCFF\"><strong>Emission<\/strong><\/td>\n<td bgcolor=\"#CCCCFF\"><\/td>\n<td bgcolor=\"#CCCCFF\"><\/td>\n<\/tr>\n<tr>\n<td bgcolor=\"#CCCCFF\"><\/td>\n<td bgcolor=\"#CCCCFF\"><strong>Generic Standards<\/strong><\/td>\n<td bgcolor=\"#CCCCFF\"><\/td>\n<\/tr>\n<tr>\n<td bgcolor=\"#CCCCFF\"><\/td>\n<td bgcolor=\"#CCCCFF\">EN 61000-6-3 \/ IEC 61000-6-3<\/td>\n<td bgcolor=\"#CCCCFF\">Generic Residential, Commercial and Light-industrial Environments<\/td>\n<\/tr>\n<tr>\n<td bgcolor=\"#CCCCFF\"><\/td>\n<td bgcolor=\"#CCCCFF\">EN 61000-6-4 \/ IEC 61000-6-4<\/td>\n<td bgcolor=\"#CCCCFF\">Generic Industrial Environments<\/td>\n<\/tr>\n<tr>\n<td bgcolor=\"#CCCCFF\"><\/td>\n<td bgcolor=\"#CCCCFF\"><strong>Product Standards<\/strong><\/td>\n<td bgcolor=\"#CCCCFF\"><\/td>\n<\/tr>\n<tr>\n<td bgcolor=\"#CCCCFF\"><\/td>\n<td bgcolor=\"#CCCCFF\">EN 55011 \/ CISPR 11<\/td>\n<td bgcolor=\"#CCCCFF\">Industrial, Scientific and Medical Equipment<\/td>\n<\/tr>\n<tr>\n<td bgcolor=\"#CCCCFF\"><\/td>\n<td bgcolor=\"#CCCCFF\">EN 55014-1 \/ CISPR 14-1<\/td>\n<td bgcolor=\"#CCCCFF\">Household Appliances, Electric Tools and similar Apparatus<\/td>\n<\/tr>\n<tr>\n<td bgcolor=\"#CCCCFF\"><\/td>\n<td bgcolor=\"#CCCCFF\">EN 55022 \/ CISPR 22<\/td>\n<td bgcolor=\"#CCCCFF\">Information Technology Equipment (ITE)<\/td>\n<\/tr>\n<tr>\n<td bgcolor=\"#CCCCFF\"><\/td>\n<td bgcolor=\"#CCCCFF\">EN 55032 \/ CISPR 32<\/td>\n<td bgcolor=\"#CCCCFF\">Multimedia Equipment<\/td>\n<\/tr>\n<tr>\n<td bgcolor=\"#CCCCFF\"><\/td>\n<td bgcolor=\"#CCCCFF\"><strong>Basic Standards<\/strong><\/td>\n<td bgcolor=\"#CCCCFF\"><\/td>\n<\/tr>\n<tr>\n<td bgcolor=\"#CCCCFF\"><\/td>\n<td bgcolor=\"#CCCCFF\">EN 61000-3-2 \/ IEC 61000-3-2<\/td>\n<td bgcolor=\"#CCCCFF\">Harmonic Current Emissions<\/td>\n<\/tr>\n<tr>\n<td bgcolor=\"#CCCCFF\"><\/td>\n<td bgcolor=\"#CCCCFF\">EN 61000-3-3 \/ IEC 61000-3-3<\/td>\n<td bgcolor=\"#CCCCFF\">Voltage Changes, Fluctuation and Flicker<\/td>\n<\/tr>\n<p><!-- Immunity --><\/p>\n<tr>\n<td bgcolor=\"#CCCCFF\"><strong>Immunity<\/strong><\/td>\n<td bgcolor=\"#CCCCFF\"><\/td>\n<td bgcolor=\"#CCCCFF\"><\/td>\n<\/tr>\n<tr>\n<td bgcolor=\"#CCCCFF\"><\/td>\n<td bgcolor=\"#CCCCFF\"><strong>Generic Standards<\/strong><\/td>\n<td bgcolor=\"#CCCCFF\"><\/td>\n<\/tr>\n<tr>\n<td bgcolor=\"#CCCCFF\"><\/td>\n<td bgcolor=\"#CCCCFF\">EN 61000-6-1 \/ IEC 61000-6-1<\/td>\n<td bgcolor=\"#CCCCFF\">Generic Residential, Commercial and Light-industrial Environments<\/td>\n<\/tr>\n<tr>\n<td bgcolor=\"#CCCCFF\"><\/td>\n<td bgcolor=\"#CCCCFF\">EN 61000-6-2 \/ IEC 61000-6-2<\/td>\n<td bgcolor=\"#CCCCFF\">Generic Industrial Environments<\/td>\n<\/tr>\n<tr>\n<td bgcolor=\"#CCCCFF\"><\/td>\n<td bgcolor=\"#CCCCFF\"><strong>Product Standards<\/strong><\/td>\n<td bgcolor=\"#CCCCFF\"><\/td>\n<\/tr>\n<tr>\n<td bgcolor=\"#CCCCFF\"><\/td>\n<td bgcolor=\"#CCCCFF\">EN 50130-4 \/ IEC 50130-4<\/td>\n<td bgcolor=\"#CCCCFF\">Alarm Systems<\/td>\n<\/tr>\n<tr>\n<td bgcolor=\"#CCCCFF\"><\/td>\n<td bgcolor=\"#CCCCFF\">EN 55014-2 \/ CISPR 14-2<\/td>\n<td bgcolor=\"#CCCCFF\">Household Appliances, Electric Tools and similar Apparatus<\/td>\n<\/tr>\n<tr>\n<td bgcolor=\"#CCCCFF\"><\/td>\n<td bgcolor=\"#CCCCFF\">EN 55025 \/ CISPR 25<\/td>\n<td bgcolor=\"#CCCCFF\">Vehicles, Boats and internal Combustion Engines<\/td>\n<\/tr>\n<tr>\n<td bgcolor=\"#CCCCFF\"><\/td>\n<td bgcolor=\"#CCCCFF\">EN 55103-2<\/td>\n<td bgcolor=\"#CCCCFF\">Audio, video and lighting control for professional use<\/td>\n<\/tr>\n<tr>\n<td bgcolor=\"#CCCCFF\"><\/td>\n<td bgcolor=\"#CCCCFF\">EN 55035<\/td>\n<td bgcolor=\"#CCCCFF\">Multimedia Equipment<\/td>\n<\/tr>\n<tr>\n<td bgcolor=\"#CCCCFF\"><\/td>\n<td bgcolor=\"#CCCCFF\"><strong>Basic Standards<\/strong><\/td>\n<td bgcolor=\"#CCCCFF\"><\/td>\n<\/tr>\n<tr>\n<td bgcolor=\"#CCCCFF\"><\/td>\n<td bgcolor=\"#CCCCFF\">EN 61000-4-2<\/td>\n<td bgcolor=\"#CCCCFF\">ElectroStatic Discharge<\/td>\n<\/tr>\n<tr>\n<td bgcolor=\"#CCCCFF\"><\/td>\n<td bgcolor=\"#CCCCFF\">EN 61000-4-3<\/td>\n<td bgcolor=\"#CCCCFF\">Radiated Immunity<\/td>\n<\/tr>\n<tr>\n<td bgcolor=\"#CCCCFF\"><\/td>\n<td bgcolor=\"#CCCCFF\">EN 61000-4-4<\/td>\n<td bgcolor=\"#CCCCFF\">Electrical Fast Transients<\/td>\n<\/tr>\n<tr>\n<td bgcolor=\"#CCCCFF\"><\/td>\n<td bgcolor=\"#CCCCFF\">EN 61000-4-5<\/td>\n<td bgcolor=\"#CCCCFF\">Surges<\/td>\n<\/tr>\n<tr>\n<td bgcolor=\"#CCCCFF\"><\/td>\n<td bgcolor=\"#CCCCFF\">EN 61000-4-6<\/td>\n<td bgcolor=\"#CCCCFF\">Conducted Immunity<\/td>\n<\/tr>\n<tr>\n<td bgcolor=\"#CCCCFF\"><\/td>\n<td bgcolor=\"#CCCCFF\">EN 61000-4-8<\/td>\n<td bgcolor=\"#CCCCFF\">Magnetic Immunity<\/td>\n<\/tr>\n<tr>\n<td bgcolor=\"#CCCCFF\"><\/td>\n<td bgcolor=\"#CCCCFF\">EN 61000-4-11<\/td>\n<td bgcolor=\"#CCCCFF\">Voltage Dips, Short Interruptions and voltage Variation<\/td>\n<\/tr>\n<tr>\n<td bgcolor=\"#CCCCFF\"><\/td>\n<td bgcolor=\"#CCCCFF\">ISO 7637-2<\/td>\n<td bgcolor=\"#CCCCFF\">Road vehicles. Electrical transient conduction<\/td>\n<\/tr>\n<tr>\n<td bgcolor=\"#CCCCFF\"><\/td>\n<td bgcolor=\"#CCCCFF\">ISO 7637-3<\/td>\n<td bgcolor=\"#CCCCFF\">Road vehicles. Electrical transient transmission<\/td>\n<\/tr>\n<tr>\n<td bgcolor=\"#CCCCFF\"><\/td>\n<td bgcolor=\"#CCCCFF\">ISO 10650<\/td>\n<td bgcolor=\"#CCCCFF\">Road vehicles. ElectroStatic Discharge<\/td>\n<\/tr>\n<tr>\n<td bgcolor=\"#CCCCFF\"><\/td>\n<td bgcolor=\"#CCCCFF\">ISO 11452-2<\/td>\n<td bgcolor=\"#CCCCFF\">Road vehicles. Radiated Immunity<\/td>\n<\/tr>\n<tr>\n<td bgcolor=\"#CCCCFF\"><\/td>\n<td bgcolor=\"#CCCCFF\">ISO 11452-4<\/td>\n<td bgcolor=\"#CCCCFF\">Road vehicles \u2014 Component test methods for electrical disturbances from narrowband radiated electromagnetic energy<\/td>\n<\/tr>\n<p><!-- Emission & Immunity --><\/p>\n<tr>\n<td colspan=\"3\" bgcolor=\"#CCCCFF\"><strong>Emission and Immunity<\/strong><\/td>\n<\/tr>\n<tr>\n<td bgcolor=\"#CCCCFF\"><\/td>\n<td bgcolor=\"#CCCCFF\"><strong>Product Standards<\/strong><\/td>\n<td bgcolor=\"#CCCCFF\"><\/td>\n<\/tr>\n<tr>\n<td bgcolor=\"#CCCCFF\"><\/td>\n<td bgcolor=\"#CCCCFF\">EN 60601-1-2<\/td>\n<td bgcolor=\"#CCCCFF\">Medical Electrical Equipment<\/td>\n<\/tr>\n<tr>\n<td bgcolor=\"#CCCCFF\"><\/td>\n<td bgcolor=\"#CCCCFF\">ETSI EN 301 489-1<\/td>\n<td bgcolor=\"#CCCCFF\">Common Technical Requirements<\/td>\n<\/tr>\n<tr>\n<td bgcolor=\"#CCCCFF\"><\/td>\n<td bgcolor=\"#CCCCFF\">ETSI EN 301 489-3<\/td>\n<td bgcolor=\"#CCCCFF\">Short-Range Devices (SRD)<\/td>\n<\/tr>\n<tr>\n<td bgcolor=\"#CCCCFF\"><\/td>\n<td bgcolor=\"#CCCCFF\">ETSI EN 301 489-17<\/td>\n<td bgcolor=\"#CCCCFF\">Broadband Data Transmission Systems (Bluetooth, Wi-Fi)<\/td>\n<\/tr>\n<tr>\n<td bgcolor=\"#CCCCFF\"><\/td>\n<td bgcolor=\"#CCCCFF\">EN 50121-3-2<\/td>\n<td bgcolor=\"#CCCCFF\">Railway Applications (Rolling Stock Apparatus)<\/td>\n<\/tr>\n<tr>\n<td bgcolor=\"#CCCCFF\"><\/td>\n<td bgcolor=\"#CCCCFF\">EN 50121-4<\/td>\n<td bgcolor=\"#CCCCFF\">Railway Applications (Signalling and Telecommunications Apparatus)<\/td>\n<\/tr>\n<tr>\n<td bgcolor=\"#CCCCFF\"><\/td>\n<td bgcolor=\"#CCCCFF\">EN 50121-5<\/td>\n<td bgcolor=\"#CCCCFF\">Railway Applications (Fixed Power Supply Installations)<\/td>\n<\/tr>\n<tr>\n<td bgcolor=\"#CCCCFF\"><\/td>\n<td bgcolor=\"#CCCCFF\">EN 50155<\/td>\n<td bgcolor=\"#CCCCFF\">Railway Applications (Rolling Stock Apparatus)<\/td>\n<\/tr>\n<tr>\n<td bgcolor=\"#CCCCFF\"><\/td>\n<td bgcolor=\"#CCCCFF\">EN 50293<\/td>\n<td bgcolor=\"#CCCCFF\">Road Traffic Signal Systems<\/td>\n<\/tr>\n<tr>\n<td bgcolor=\"#CCCCFF\"><\/td>\n<td bgcolor=\"#CCCCFF\">EN 50491-5-2<\/td>\n<td bgcolor=\"#CCCCFF\">Home Building Electronic Systems and Building Automation (Residential, Commercial and Light Industry environment)<\/td>\n<\/tr>\n<tr>\n<td bgcolor=\"#CCCCFF\"><\/td>\n<td bgcolor=\"#CCCCFF\">EN 50491-5-3<\/td>\n<td bgcolor=\"#CCCCFF\">Home Building Electronic Systems and Building Automation (Industry environment)<\/td>\n<\/tr>\n<tr>\n<td bgcolor=\"#CCCCFF\"><\/td>\n<td bgcolor=\"#CCCCFF\">EN 50498<\/td>\n<td bgcolor=\"#CCCCFF\">Aftermarket Electronic Equipment in Vehicles<\/td>\n<\/tr>\n<tr>\n<td bgcolor=\"#CCCCFF\"><\/td>\n<td bgcolor=\"#CCCCFF\">E_ECE_324 Addendum 9 Regulation 10<\/td>\n<td bgcolor=\"#CCCCFF\">Approval of electronic subparts for vehicles<\/td>\n<\/tr>\n<tr>\n<td bgcolor=\"#CCCCFF\"><\/td>\n<td bgcolor=\"#CCCCFF\">EN \/ IEC 61851-21-2<\/td>\n<td bgcolor=\"#CCCCFF\">Electrical vehicle conductive charging system<\/td>\n<\/tr>\n<p><!-- Voeg hier de rest van de normen toe zoals gewenst --><!-- USA & Canada --><\/p>\n<tr>\n<td bgcolor=\"#CCCCFF\"><\/td>\n<td bgcolor=\"#CCCCFF\"><strong>USA specific<\/strong><\/td>\n<td bgcolor=\"#CCCCFF\"><\/td>\n<\/tr>\n<tr>\n<td bgcolor=\"#CCCCFF\">Emission<\/td>\n<td bgcolor=\"#CCCCFF\">FCC part 15<\/td>\n<td bgcolor=\"#CCCCFF\">Radio frequency devices<\/td>\n<\/tr>\n<tr>\n<td bgcolor=\"#CCCCFF\">Immunity<\/td>\n<td bgcolor=\"#CCCCFF\">No requirements<\/td>\n<td bgcolor=\"#CCCCFF\"><\/td>\n<\/tr>\n<tr>\n<td bgcolor=\"#CCCCFF\"><\/td>\n<td bgcolor=\"#CCCCFF\"><strong>Canada specific<\/strong><\/td>\n<td bgcolor=\"#CCCCFF\"><\/td>\n<\/tr>\n<tr>\n<td bgcolor=\"#CCCCFF\">Emission<\/td>\n<td bgcolor=\"#CCCCFF\">ICES-003<\/td>\n<td bgcolor=\"#CCCCFF\">Information Technology Equipment (ITE)<\/td>\n<\/tr>\n<tr>\n<td bgcolor=\"#CCCCFF\">Immunity<\/td>\n<td bgcolor=\"#CCCCFF\">No requirements<\/td>\n<td bgcolor=\"#CCCCFF\"><\/td>\n<\/tr>\n<\/tbody>\n<\/table>\n","protected":false},"excerpt":{"rendered":"<p>La compatibilit\u00e9 \u00e9lectromagn\u00e9tique (CEM) garanti que les fonctionnalit\u00e9s d&#8217;un appareil sont maintenues et que les radiations \u00e9mises sont dans les normes. Rayonnement \u00e9lectromagn\u00e9tique Le rayonnement<\/p>\n","protected":false},"author":1,"featured_media":108,"parent":0,"menu_order":1,"comment_status":"closed","ping_status":"closed","template":"","meta":{"inline_featured_image":false,"footnotes":""},"class_list":["post-647","page","type-page","status-publish","has-post-thumbnail","hentry"],"_links":{"self":[{"href":"https:\/\/www.bgemc.com\/index.php?rest_route=\/wp\/v2\/pages\/647","targetHints":{"allow":["GET"]}}],"collection":[{"href":"https:\/\/www.bgemc.com\/index.php?rest_route=\/wp\/v2\/pages"}],"about":[{"href":"https:\/\/www.bgemc.com\/index.php?rest_route=\/wp\/v2\/types\/page"}],"author":[{"embeddable":true,"href":"https:\/\/www.bgemc.com\/index.php?rest_route=\/wp\/v2\/users\/1"}],"replies":[{"embeddable":true,"href":"https:\/\/www.bgemc.com\/index.php?rest_route=%2Fwp%2Fv2%2Fcomments&post=647"}],"version-history":[{"count":1,"href":"https:\/\/www.bgemc.com\/index.php?rest_route=\/wp\/v2\/pages\/647\/revisions"}],"predecessor-version":[{"id":2587,"href":"https:\/\/www.bgemc.com\/index.php?rest_route=\/wp\/v2\/pages\/647\/revisions\/2587"}],"wp:featuredmedia":[{"embeddable":true,"href":"https:\/\/www.bgemc.com\/index.php?rest_route=\/wp\/v2\/media\/108"}],"wp:attachment":[{"href":"https:\/\/www.bgemc.com\/index.php?rest_route=%2Fwp%2Fv2%2Fmedia&parent=647"}],"curies":[{"name":"wp","href":"https:\/\/api.w.org\/{rel}","templated":true}]}}