{"id":650,"date":"2018-08-16T13:35:27","date_gmt":"2018-08-16T13:35:27","guid":{"rendered":"https:\/\/www.bgemc.com\/wp\/?page_id=650"},"modified":"2026-02-06T07:58:46","modified_gmt":"2026-02-06T07:58:46","slug":"climatique","status":"publish","type":"page","link":"https:\/\/www.bgemc.com\/?page_id=650&lang=fr","title":{"rendered":"Climatique"},"content":{"rendered":"<h4>Un produit est soumis, durant sa vie, \u00e0 diff\u00e9rentes conditions climatiques (transport et\/ou utilisation).<\/h4>\n<h4><span style=\"color: #7d64ff;\">Conditions climatiques<\/span><\/h4>\n<p>Telles que:<br \/>\n&#8211; Temp\u00e9rature<br \/>\n&#8211; Humidit\u00e9<br \/>\n&#8211; Poussi\u00e8res<br \/>\n&#8211; Projection d&#8217;eau<\/p>\n<p>Le labo BGEMC poss\u00e8de les \u00e9quipements et l&#8217;expertise n\u00e9cessaires pour effectuer ces <strong>tests climatiques<\/strong>.<\/p>\n<div id='gallery-1' class='gallery galleryid-650 gallery-columns-4 gallery-size-medium'><figure class='gallery-item'>\n\t\t\t<div class='gallery-icon landscape'>\n\t\t\t\t<img fetchpriority=\"high\" decoding=\"async\" width=\"300\" height=\"300\" src=\"https:\/\/www.bgemc.com\/wp-content\/uploads\/2018\/02\/1084-DSC04458-300x300.jpg\" class=\"attachment-medium size-medium\" alt=\"\" srcset=\"https:\/\/www.bgemc.com\/wp-content\/uploads\/2018\/02\/1084-DSC04458-300x300.jpg 300w, https:\/\/www.bgemc.com\/wp-content\/uploads\/2018\/02\/1084-DSC04458-480x480.jpg 480w, https:\/\/www.bgemc.com\/wp-content\/uploads\/2018\/02\/1084-DSC04458-100x100.jpg 100w, https:\/\/www.bgemc.com\/wp-content\/uploads\/2018\/02\/1084-DSC04458-150x150.jpg 150w, https:\/\/www.bgemc.com\/wp-content\/uploads\/2018\/02\/1084-DSC04458-768x768.jpg 768w, https:\/\/www.bgemc.com\/wp-content\/uploads\/2018\/02\/1084-DSC04458.jpg 800w\" sizes=\"(max-width: 300px) 100vw, 300px\" \/>\n\t\t\t<\/div><\/figure><figure class='gallery-item'>\n\t\t\t<div class='gallery-icon landscape'>\n\t\t\t\t<img decoding=\"async\" width=\"300\" height=\"300\" src=\"https:\/\/www.bgemc.com\/wp-content\/uploads\/2018\/02\/1084-Climate_Climate-Chamber-300x300.jpg\" class=\"attachment-medium size-medium\" alt=\"\" srcset=\"https:\/\/www.bgemc.com\/wp-content\/uploads\/2018\/02\/1084-Climate_Climate-Chamber-300x300.jpg 300w, https:\/\/www.bgemc.com\/wp-content\/uploads\/2018\/02\/1084-Climate_Climate-Chamber-480x480.jpg 480w, https:\/\/www.bgemc.com\/wp-content\/uploads\/2018\/02\/1084-Climate_Climate-Chamber-100x100.jpg 100w, https:\/\/www.bgemc.com\/wp-content\/uploads\/2018\/02\/1084-Climate_Climate-Chamber-150x150.jpg 150w, https:\/\/www.bgemc.com\/wp-content\/uploads\/2018\/02\/1084-Climate_Climate-Chamber-768x768.jpg 768w, https:\/\/www.bgemc.com\/wp-content\/uploads\/2018\/02\/1084-Climate_Climate-Chamber.jpg 800w\" sizes=\"(max-width: 300px) 100vw, 300px\" \/>\n\t\t\t<\/div><\/figure><figure class='gallery-item'>\n\t\t\t<div class='gallery-icon landscape'>\n\t\t\t\t<img decoding=\"async\" width=\"300\" height=\"300\" src=\"https:\/\/www.bgemc.com\/wp-content\/uploads\/2018\/02\/1084-Climate_PEMC-11-005-300x300.jpg\" class=\"attachment-medium size-medium\" alt=\"\" srcset=\"https:\/\/www.bgemc.com\/wp-content\/uploads\/2018\/02\/1084-Climate_PEMC-11-005-300x300.jpg 300w, https:\/\/www.bgemc.com\/wp-content\/uploads\/2018\/02\/1084-Climate_PEMC-11-005-480x480.jpg 480w, https:\/\/www.bgemc.com\/wp-content\/uploads\/2018\/02\/1084-Climate_PEMC-11-005-100x100.jpg 100w, https:\/\/www.bgemc.com\/wp-content\/uploads\/2018\/02\/1084-Climate_PEMC-11-005-150x150.jpg 150w, https:\/\/www.bgemc.com\/wp-content\/uploads\/2018\/02\/1084-Climate_PEMC-11-005-768x768.jpg 768w, https:\/\/www.bgemc.com\/wp-content\/uploads\/2018\/02\/1084-Climate_PEMC-11-005.jpg 800w\" sizes=\"(max-width: 300px) 100vw, 300px\" \/>\n\t\t\t<\/div><\/figure><figure class='gallery-item'>\n\t\t\t<div class='gallery-icon landscape'>\n\t\t\t\t<img loading=\"lazy\" decoding=\"async\" width=\"300\" height=\"300\" src=\"https:\/\/www.bgemc.com\/wp-content\/uploads\/2018\/02\/1084-Climate_Dust-Chamber-300x300.jpg\" class=\"attachment-medium size-medium\" alt=\"\" srcset=\"https:\/\/www.bgemc.com\/wp-content\/uploads\/2018\/02\/1084-Climate_Dust-Chamber-300x300.jpg 300w, https:\/\/www.bgemc.com\/wp-content\/uploads\/2018\/02\/1084-Climate_Dust-Chamber-480x480.jpg 480w, https:\/\/www.bgemc.com\/wp-content\/uploads\/2018\/02\/1084-Climate_Dust-Chamber-100x100.jpg 100w, https:\/\/www.bgemc.com\/wp-content\/uploads\/2018\/02\/1084-Climate_Dust-Chamber-150x150.jpg 150w, https:\/\/www.bgemc.com\/wp-content\/uploads\/2018\/02\/1084-Climate_Dust-Chamber-768x768.jpg 768w, https:\/\/www.bgemc.com\/wp-content\/uploads\/2018\/02\/1084-Climate_Dust-Chamber.jpg 800w\" sizes=\"(max-width: 300px) 100vw, 300px\" \/>\n\t\t\t<\/div><\/figure>\n\t\t<\/div>\n\n<h4><span class=\"h3\" style=\"color: #7d64ff;\">Applications<\/span><\/h4>\n<p>&#8211; Equipements de technologie de l&#8217;information (ETI)<br \/>\n&#8211; Applications et \u00e9quipements m\u00e9dicaux<br \/>\n&#8211; Laboratoire et \u00e9quipement de mesure<br \/>\n&#8211; Traction<br \/>\n&#8211; V\u00e9hicules agricoles<br \/>\n&#8211; Domotique<br \/>\n&#8211; Marine<br \/>\n&#8211; Applications sans fil<br \/>\n&#8211; Militaire<br \/>\n&#8211; Aviation<br \/>\n&#8211; \u2026<\/p>\n<h4><span class=\"h3\" style=\"color: #7d64ff;\">Normes<\/span><\/h4>\n<p>Le\u00a0<span style=\"color: #7d64ff;\"><a style=\"color: #7d64ff;\" href=\"#tabel\">tableau<\/a><\/span>\u00a0ci-apr\u00e8s donne un aper\u00e7u des normes que le labo BGEMC peut tester sur les \u00e9quipements.<br \/>\nCette liste n&#8217;est pas limitative. N&#8217;h\u00e9sitez pas \u00e0 nous contacter pour toute question sp\u00e9cifique.<\/p>\n<h4><span class=\"h3\"><span style=\"color: #7d64ff;\">Infrastructure<\/span><\/span><\/h4>\n<p><strong>Chambre climatique 1<\/strong><br \/>\nVolume int\u00e9rieur: 600 L<br \/>\nGamme de temp\u00e9ratures: -70\u00b0C \u2026 + 180\u00b0C, 10% \u2026 98 % RH<br \/>\nDimensions int\u00e9rieures: H: 95 cm x L: 77 cm x P: 80 cm<\/p>\n<p><strong>Chambre de temp\u00e9rature 2<\/strong><br \/>\nVolume interne: 200 L<br \/>\nGamme de temp\u00e9rature: -20\u00b0C \u2026 + 180\u00b0C, 10% \u2026 98 % RH<br \/>\nDimensions int\u00e9rieures: H: 63 cm x L: 55 cm x P: 54 cm<\/p>\n<p><strong>Tests IP<\/strong><br \/>\nProtection des \u00e9quipements<\/p>\n<p>Protection des Personnes<br \/>\nChambre pour poussi\u00e8res: l: 1 m, L: 1 m, H: 1 m<br \/>\nIncluant le contr\u00f4le de la d\u00e9pression et de la temp\u00e9rature<br \/>\n<a name=\"tabel\"><\/a><br \/>\n<span class=\"h3\"><strong><span style=\"color: #7d64ff;\">Mode op\u00e9ratoire<\/span><\/strong><br \/>\n<\/span><strong> 1. Essais de conformit\u00e9<\/strong><br \/>\nDans le cas d&#8217;\u00e9chec durant le test de conformit\u00e9 et qu&#8217;une solution acceptable peut \u00eatre appliqu\u00e9e pour le r\u00e9soudre, on pourra poursuivre le test comme test de pr\u00e9 conformit\u00e9.<\/p>\n<p><strong>2. Conseil et assistance:<\/strong>\u00a0Dans le cas ou une recherche approfondie est n\u00e9cessaire pour r\u00e9soudre un probl\u00e8me, on peut faire appel, sur place, au conseil d&#8217;un expert ind\u00e9pendant.<\/p>\n<p><strong>3. Test de pr\u00e9 conformit\u00e9<\/strong><br \/>\nOn peut tester les prototypes.<br \/>\nLes tests sont r\u00e9alis\u00e9s avec le m\u00eame \u00e9quipement de mesure calibr\u00e9 et les m\u00eames ing\u00e9nieurs sp\u00e9cialis\u00e9s.<\/p>\n<table class=\"tabletext\" width=\"700\" cellspacing=\"0\" cellpadding=\"0\">\n<tbody>\n<tr>\n<td bgcolor=\"#CCCCFF\" width=\"75\"><\/td>\n<td align=\"center\" bgcolor=\"#CCCCFF\" width=\"218\"><strong>Standard ID<\/strong><\/td>\n<td align=\"center\" bgcolor=\"#CCCCFF\" width=\"696\"><strong>Description<\/strong><\/td>\n<\/tr>\n<p><!-- Temperature --><\/p>\n<tr>\n<td bgcolor=\"#CCCCFF\"><strong>Temperature<\/strong><\/td>\n<td bgcolor=\"#CCCCFF\"><\/td>\n<td bgcolor=\"#CCCCFF\"><\/td>\n<\/tr>\n<tr>\n<td bgcolor=\"#CCCCFF\"><\/td>\n<td bgcolor=\"#CCCCFF\">EN 60068-2-1 \/ IEC 60068-2-1<\/td>\n<td bgcolor=\"#CCCCFF\">Test A: Cold<\/td>\n<\/tr>\n<tr>\n<td bgcolor=\"#CCCCFF\"><\/td>\n<td bgcolor=\"#CCCCFF\">EN 60068-2-2 \/ IEC 60068-2-2<\/td>\n<td bgcolor=\"#CCCCFF\">Test B: Dry Heat<\/td>\n<\/tr>\n<tr>\n<td bgcolor=\"#CCCCFF\"><\/td>\n<td bgcolor=\"#CCCCFF\">EN 60068-2-14 \/ IEC 60068-2-14<\/td>\n<td bgcolor=\"#CCCCFF\">Test N: Change of Temperature<\/td>\n<\/tr>\n<p><!-- Climate --><\/p>\n<tr>\n<td bgcolor=\"#CCCCFF\"><strong>Climate<\/strong><\/td>\n<td bgcolor=\"#CCCCFF\"><\/td>\n<td bgcolor=\"#CCCCFF\"><\/td>\n<\/tr>\n<tr>\n<td bgcolor=\"#CCCCFF\"><\/td>\n<td bgcolor=\"#CCCCFF\">EN 60068-2-30 \/ IEC 60068-2-30<\/td>\n<td bgcolor=\"#CCCCFF\">Test Db: Damp Heat, cyclic<\/td>\n<\/tr>\n<tr>\n<td bgcolor=\"#CCCCFF\"><\/td>\n<td bgcolor=\"#CCCCFF\">EN 60068-2-61 \/ IEC 60068-2-61<\/td>\n<td bgcolor=\"#CCCCFF\">Test Z\/ABDM: Climatic sequence<\/td>\n<\/tr>\n<tr>\n<td bgcolor=\"#CCCCFF\"><\/td>\n<td bgcolor=\"#CCCCFF\">EN 60068-2-67 \/ IEC 60068-2-67<\/td>\n<td bgcolor=\"#CCCCFF\">Test Cy: Damp heat, steady state, accelerated test intended for components<\/td>\n<\/tr>\n<tr>\n<td bgcolor=\"#CCCCFF\"><\/td>\n<td bgcolor=\"#CCCCFF\">EN 60068-2-78 \/ IEC 60068-2-78<\/td>\n<td bgcolor=\"#CCCCFF\">Test Cab: Damp Heat, steady state<\/td>\n<\/tr>\n<p><!-- Dust\/Water --><\/p>\n<tr>\n<td bgcolor=\"#CCCCFF\"><strong>Dust\/Water<\/strong><\/td>\n<td bgcolor=\"#CCCCFF\"><\/td>\n<td bgcolor=\"#CCCCFF\"><\/td>\n<\/tr>\n<tr>\n<td bgcolor=\"#CCCCFF\"><\/td>\n<td bgcolor=\"#CCCCFF\">EN 60529 \/ IEC 60529<\/td>\n<td bgcolor=\"#CCCCFF\">Degrees of Protection (IP Code)<\/td>\n<\/tr>\n<\/tbody>\n<\/table>\n","protected":false},"excerpt":{"rendered":"<p>Un produit est soumis, durant sa vie, \u00e0 diff\u00e9rentes conditions climatiques (transport et\/ou utilisation). Conditions climatiques Telles que: &#8211; Temp\u00e9rature &#8211; Humidit\u00e9 &#8211; Poussi\u00e8res &#8211;<\/p>\n","protected":false},"author":1,"featured_media":108,"parent":0,"menu_order":1,"comment_status":"closed","ping_status":"closed","template":"","meta":{"inline_featured_image":false,"footnotes":""},"class_list":["post-650","page","type-page","status-publish","has-post-thumbnail","hentry"],"_links":{"self":[{"href":"https:\/\/www.bgemc.com\/index.php?rest_route=\/wp\/v2\/pages\/650","targetHints":{"allow":["GET"]}}],"collection":[{"href":"https:\/\/www.bgemc.com\/index.php?rest_route=\/wp\/v2\/pages"}],"about":[{"href":"https:\/\/www.bgemc.com\/index.php?rest_route=\/wp\/v2\/types\/page"}],"author":[{"embeddable":true,"href":"https:\/\/www.bgemc.com\/index.php?rest_route=\/wp\/v2\/users\/1"}],"replies":[{"embeddable":true,"href":"https:\/\/www.bgemc.com\/index.php?rest_route=%2Fwp%2Fv2%2Fcomments&post=650"}],"version-history":[{"count":1,"href":"https:\/\/www.bgemc.com\/index.php?rest_route=\/wp\/v2\/pages\/650\/revisions"}],"predecessor-version":[{"id":2622,"href":"https:\/\/www.bgemc.com\/index.php?rest_route=\/wp\/v2\/pages\/650\/revisions\/2622"}],"wp:featuredmedia":[{"embeddable":true,"href":"https:\/\/www.bgemc.com\/index.php?rest_route=\/wp\/v2\/media\/108"}],"wp:attachment":[{"href":"https:\/\/www.bgemc.com\/index.php?rest_route=%2Fwp%2Fv2%2Fmedia&parent=650"}],"curies":[{"name":"wp","href":"https:\/\/api.w.org\/{rel}","templated":true}]}}