{"id":654,"date":"2018-08-16T13:41:07","date_gmt":"2018-08-16T13:41:07","guid":{"rendered":"https:\/\/www.bgemc.com\/wp\/?page_id=654"},"modified":"2026-02-06T08:03:44","modified_gmt":"2026-02-06T08:03:44","slug":"mecanique","status":"publish","type":"page","link":"https:\/\/www.bgemc.com\/?page_id=654&lang=fr","title":{"rendered":"M\u00e9canique"},"content":{"rendered":"<h4>Un produit est soumis, durant sa vie, \u00e0 diff\u00e9rentes contraintes (transport et\/ou utilisation).<\/h4>\n<h4><span style=\"color: #7d64ff;\">Tests m\u00e9caniques<\/span><\/h4>\n<p>Tels que:<br \/>\n&#8211; Vibrations<br \/>\n&#8211; Chocs m\u00e9caniques<br \/>\n&#8211; Impact<\/p>\n<p>Le labo BGEMC poss\u00e8de les \u00e9quipements et l&#8217;expertise n\u00e9cessaires pour effectuer ces <strong>tests m\u00e9caniques<\/strong>.<\/p>\n<div id='gallery-1' class='gallery galleryid-654 gallery-columns-4 gallery-size-medium'><figure class='gallery-item'>\n\t\t\t<div class='gallery-icon landscape'>\n\t\t\t\t<img fetchpriority=\"high\" decoding=\"async\" width=\"300\" height=\"300\" src=\"https:\/\/www.bgemc.com\/wp-content\/uploads\/2018\/04\/1084-MEC_DSC7190-300x300.jpg\" class=\"attachment-medium size-medium\" alt=\"\" srcset=\"https:\/\/www.bgemc.com\/wp-content\/uploads\/2018\/04\/1084-MEC_DSC7190-300x300.jpg 300w, https:\/\/www.bgemc.com\/wp-content\/uploads\/2018\/04\/1084-MEC_DSC7190-480x480.jpg 480w, https:\/\/www.bgemc.com\/wp-content\/uploads\/2018\/04\/1084-MEC_DSC7190-100x100.jpg 100w, https:\/\/www.bgemc.com\/wp-content\/uploads\/2018\/04\/1084-MEC_DSC7190-150x150.jpg 150w, https:\/\/www.bgemc.com\/wp-content\/uploads\/2018\/04\/1084-MEC_DSC7190-768x768.jpg 768w, https:\/\/www.bgemc.com\/wp-content\/uploads\/2018\/04\/1084-MEC_DSC7190.jpg 800w\" sizes=\"(max-width: 300px) 100vw, 300px\" \/>\n\t\t\t<\/div><\/figure><figure class='gallery-item'>\n\t\t\t<div class='gallery-icon landscape'>\n\t\t\t\t<img decoding=\"async\" width=\"300\" height=\"300\" src=\"https:\/\/www.bgemc.com\/wp-content\/uploads\/2018\/04\/1084-MEC_IK-Testing-Apparatus-300x300.jpg\" class=\"attachment-medium size-medium\" alt=\"\" srcset=\"https:\/\/www.bgemc.com\/wp-content\/uploads\/2018\/04\/1084-MEC_IK-Testing-Apparatus-300x300.jpg 300w, https:\/\/www.bgemc.com\/wp-content\/uploads\/2018\/04\/1084-MEC_IK-Testing-Apparatus-480x480.jpg 480w, https:\/\/www.bgemc.com\/wp-content\/uploads\/2018\/04\/1084-MEC_IK-Testing-Apparatus-100x100.jpg 100w, https:\/\/www.bgemc.com\/wp-content\/uploads\/2018\/04\/1084-MEC_IK-Testing-Apparatus-150x150.jpg 150w, https:\/\/www.bgemc.com\/wp-content\/uploads\/2018\/04\/1084-MEC_IK-Testing-Apparatus-768x768.jpg 768w, https:\/\/www.bgemc.com\/wp-content\/uploads\/2018\/04\/1084-MEC_IK-Testing-Apparatus.jpg 800w\" sizes=\"(max-width: 300px) 100vw, 300px\" \/>\n\t\t\t<\/div><\/figure><figure class='gallery-item'>\n\t\t\t<div class='gallery-icon landscape'>\n\t\t\t\t<img decoding=\"async\" width=\"300\" height=\"300\" src=\"https:\/\/www.bgemc.com\/wp-content\/uploads\/2018\/04\/1084-MEC_BGEMC-01-057-300x300.jpg\" class=\"attachment-medium size-medium\" alt=\"\" srcset=\"https:\/\/www.bgemc.com\/wp-content\/uploads\/2018\/04\/1084-MEC_BGEMC-01-057-300x300.jpg 300w, https:\/\/www.bgemc.com\/wp-content\/uploads\/2018\/04\/1084-MEC_BGEMC-01-057-480x480.jpg 480w, https:\/\/www.bgemc.com\/wp-content\/uploads\/2018\/04\/1084-MEC_BGEMC-01-057-100x100.jpg 100w, https:\/\/www.bgemc.com\/wp-content\/uploads\/2018\/04\/1084-MEC_BGEMC-01-057-150x150.jpg 150w, https:\/\/www.bgemc.com\/wp-content\/uploads\/2018\/04\/1084-MEC_BGEMC-01-057-768x768.jpg 768w, https:\/\/www.bgemc.com\/wp-content\/uploads\/2018\/04\/1084-MEC_BGEMC-01-057.jpg 800w\" sizes=\"(max-width: 300px) 100vw, 300px\" \/>\n\t\t\t<\/div><\/figure><figure class='gallery-item'>\n\t\t\t<div class='gallery-icon landscape'>\n\t\t\t\t<img loading=\"lazy\" decoding=\"async\" width=\"300\" height=\"300\" src=\"https:\/\/www.bgemc.com\/wp-content\/uploads\/2018\/04\/1084-MEC_Vibration-System-1-300x300.jpg\" class=\"attachment-medium size-medium\" alt=\"\" srcset=\"https:\/\/www.bgemc.com\/wp-content\/uploads\/2018\/04\/1084-MEC_Vibration-System-1-300x300.jpg 300w, https:\/\/www.bgemc.com\/wp-content\/uploads\/2018\/04\/1084-MEC_Vibration-System-1-480x480.jpg 480w, https:\/\/www.bgemc.com\/wp-content\/uploads\/2018\/04\/1084-MEC_Vibration-System-1-100x100.jpg 100w, https:\/\/www.bgemc.com\/wp-content\/uploads\/2018\/04\/1084-MEC_Vibration-System-1-150x150.jpg 150w, https:\/\/www.bgemc.com\/wp-content\/uploads\/2018\/04\/1084-MEC_Vibration-System-1-768x768.jpg 768w, https:\/\/www.bgemc.com\/wp-content\/uploads\/2018\/04\/1084-MEC_Vibration-System-1.jpg 800w\" sizes=\"(max-width: 300px) 100vw, 300px\" \/>\n\t\t\t<\/div><\/figure>\n\t\t<\/div>\n\n<h4><span class=\"h3\" style=\"color: #7d64ff;\">Applications<\/span><\/h4>\n<p>&#8211; Equipements de technologie de l&#8217;information (ETI)<br \/>\n&#8211; Applications et \u00e9quipements m\u00e9dicaux<br \/>\n&#8211; Laboratoire et \u00e9quipement de mesure<br \/>\n&#8211; Traction<br \/>\n&#8211; V\u00e9hicules agricoles<br \/>\n&#8211; Domotique<br \/>\n&#8211; Marine<br \/>\n&#8211; Applications sans fil<br \/>\n&#8211; Militaire<br \/>\n&#8211; Aviation<br \/>\n&#8211; \u2026<\/p>\n<h4><span class=\"h3\" style=\"color: #7d64ff;\">Normes<\/span><\/h4>\n<p>Le\u00a0<span style=\"color: #7d64ff;\"><a style=\"color: #7d64ff;\" href=\"#tabel\">tableau<\/a><\/span>\u00a0ci-apr\u00e8s donne un aper\u00e7u des normes que le labo BGEMC peut tester sur les \u00e9quipements.<br \/>\nCette liste n&#8217;est pas limitative. N&#8217;h\u00e9sitez pas \u00e0 nous contacter pour toute question sp\u00e9cifique.<\/p>\n<h4><span class=\"h3\"><span style=\"color: #7d64ff;\">Infrastructure<\/span><\/span><\/h4>\n<p><strong>Vibreur LDS<\/strong><br \/>\nForce (sinus): 2200 N<br \/>\nGamme de fr\u00e9quence: 5 \u2026 5000 Hz<br \/>\nAcc\u00e9l\u00e9ration (sinus) max.: 981 m\/s2<br \/>\nVitesse (sinus) max: 1.5 m\/s<br \/>\nD\u00e9placement max. 25.4 mm<\/p>\n<p><strong>Contr\u00f4leur de vibrations:<\/strong><br \/>\nVibration sinuso\u00efdale<br \/>\nVibrations al\u00e9atoires<br \/>\nChocs m\u00e9caniques (semi sinuso\u00efdal, dent de scie, triangulaire, Rectangulaire, Trap\u00e9zo\u00efdal, \u2026)<\/p>\n<p><strong>Appareil de test IK<\/strong><br \/>\nMarteau ressort 0.2 J \u2026 2 J<br \/>\nMarteau pendulaire 2 J \u2026 50 J<\/p>\n<p><a name=\"tabel\"><\/a><br \/>\n<span class=\"h3\"><strong><span style=\"color: #7d64ff;\">Mode op\u00e9ratoire<\/span><\/strong><br \/>\n<\/span><strong> 1. Essais de conformit\u00e9<\/strong><br \/>\nDans le cas d&#8217;\u00e9chec durant le test de conformit\u00e9 et qu&#8217;une solution acceptable peut \u00eatre appliqu\u00e9e pour le r\u00e9soudre, on pourra poursuivre le test comme test de pr\u00e9 conformit\u00e9.<\/p>\n<p><strong>2. Conseil et assistance:<\/strong> Dans le cas ou une recherche approfondie est n\u00e9cessaire pour r\u00e9soudre un probl\u00e8me, on peut faire appel, sur place, au conseil d&#8217;un expert ind\u00e9pendant.<\/p>\n<p><strong>3. Test de pr\u00e9 conformit\u00e9<\/strong><br \/>\nOn peut tester les prototypes.<br \/>\nLes tests sont r\u00e9alis\u00e9s avec le m\u00eame \u00e9quipement de mesure calibr\u00e9 et les m\u00eames ing\u00e9nieurs sp\u00e9cialis\u00e9s.<\/p>\n<table class=\"tabletext\" width=\"700\" cellspacing=\"0\" cellpadding=\"0\">\n<tbody>\n<tr>\n<td bgcolor=\"#CCCCFF\" width=\"75\"><\/td>\n<td align=\"center\" bgcolor=\"#CCCCFF\" width=\"218\"><strong>Standard ID<\/strong><\/td>\n<td align=\"center\" bgcolor=\"#CCCCFF\" width=\"696\"><strong>Description<\/strong><\/td>\n<\/tr>\n<p><!-- Vibrations --><\/p>\n<tr>\n<td bgcolor=\"#CCCCFF\"><strong>Vibrations<\/strong><\/td>\n<td bgcolor=\"#CCCCFF\"><\/td>\n<td bgcolor=\"#CCCCFF\"><\/td>\n<\/tr>\n<tr>\n<td bgcolor=\"#CCCCFF\"><\/td>\n<td bgcolor=\"#CCCCFF\">EN 60068-2-6<\/td>\n<td bgcolor=\"#CCCCFF\">Test Fc: Vibration (sinusoidal)<\/td>\n<\/tr>\n<tr>\n<td bgcolor=\"#CCCCFF\"><\/td>\n<td bgcolor=\"#CCCCFF\">EN 60068-2-64<\/td>\n<td bgcolor=\"#CCCCFF\">Test Fh: Vibration, broad-band random (digital control) and guidance<\/td>\n<\/tr>\n<p><!-- Mechanical shocks --><\/p>\n<tr>\n<td colspan=\"3\" bgcolor=\"#CCCCFF\"><strong>Mechanical shocks<\/strong><\/td>\n<\/tr>\n<tr>\n<td bgcolor=\"#CCCCFF\"><\/td>\n<td bgcolor=\"#CCCCFF\">EN 60068-2-27<\/td>\n<td bgcolor=\"#CCCCFF\">Test Ea and guidance: Shock<\/td>\n<\/tr>\n<p><!-- Impact --><\/p>\n<tr>\n<td bgcolor=\"#CCCCFF\"><strong>Impact<\/strong><\/td>\n<td bgcolor=\"#CCCCFF\"><\/td>\n<td bgcolor=\"#CCCCFF\"><\/td>\n<\/tr>\n<tr>\n<td bgcolor=\"#CCCCFF\"><\/td>\n<td bgcolor=\"#CCCCFF\">EN 60068-2-75<\/td>\n<td bgcolor=\"#CCCCFF\">Test Eh: Hammer Tests<\/td>\n<\/tr>\n<tr>\n<td bgcolor=\"#CCCCFF\"><\/td>\n<td bgcolor=\"#CCCCFF\">EN 62262<\/td>\n<td bgcolor=\"#CCCCFF\">Degrees of Protection (IK Code)<\/td>\n<\/tr>\n<\/tbody>\n<\/table>\n","protected":false},"excerpt":{"rendered":"<p>Un produit est soumis, durant sa vie, \u00e0 diff\u00e9rentes contraintes (transport et\/ou utilisation). Tests m\u00e9caniques Tels que: &#8211; Vibrations &#8211; Chocs m\u00e9caniques &#8211; Impact Le<\/p>\n","protected":false},"author":1,"featured_media":108,"parent":0,"menu_order":1,"comment_status":"closed","ping_status":"closed","template":"","meta":{"inline_featured_image":false,"footnotes":""},"class_list":["post-654","page","type-page","status-publish","has-post-thumbnail","hentry"],"_links":{"self":[{"href":"https:\/\/www.bgemc.com\/index.php?rest_route=\/wp\/v2\/pages\/654","targetHints":{"allow":["GET"]}}],"collection":[{"href":"https:\/\/www.bgemc.com\/index.php?rest_route=\/wp\/v2\/pages"}],"about":[{"href":"https:\/\/www.bgemc.com\/index.php?rest_route=\/wp\/v2\/types\/page"}],"author":[{"embeddable":true,"href":"https:\/\/www.bgemc.com\/index.php?rest_route=\/wp\/v2\/users\/1"}],"replies":[{"embeddable":true,"href":"https:\/\/www.bgemc.com\/index.php?rest_route=%2Fwp%2Fv2%2Fcomments&post=654"}],"version-history":[{"count":1,"href":"https:\/\/www.bgemc.com\/index.php?rest_route=\/wp\/v2\/pages\/654\/revisions"}],"predecessor-version":[{"id":2626,"href":"https:\/\/www.bgemc.com\/index.php?rest_route=\/wp\/v2\/pages\/654\/revisions\/2626"}],"wp:featuredmedia":[{"embeddable":true,"href":"https:\/\/www.bgemc.com\/index.php?rest_route=\/wp\/v2\/media\/108"}],"wp:attachment":[{"href":"https:\/\/www.bgemc.com\/index.php?rest_route=%2Fwp%2Fv2%2Fmedia&parent=654"}],"curies":[{"name":"wp","href":"https:\/\/api.w.org\/{rel}","templated":true}]}}