{"id":700,"date":"2018-08-16T15:05:10","date_gmt":"2018-08-16T15:05:10","guid":{"rendered":"https:\/\/www.bgemc.com\/wp\/?page_id=700"},"modified":"2019-04-12T14:23:10","modified_gmt":"2019-04-12T14:23:10","slug":"votre-opinion","status":"publish","type":"page","link":"https:\/\/www.bgemc.com\/?page_id=700&lang=fr","title":{"rendered":"Votre opinion"},"content":{"rendered":"<h4>Blue Guide EMC Lab s&#8217;int\u00e9resse \u00e0 votre opinion.<\/h4>\n<p>Comment appr\u00e9ciez-vous nos services aussi bien dans ses aspects positifs que n\u00e9gatifs.<br \/>\nVeuillez bien nous en informer par mail \u00e0 <a href=\"mailto:info@bgemc.com\">info@bgemc.com<\/a>.<br \/>\nVos remarques contribueront \u00e0 am\u00e9liorer notre gamme de produits et services en fonction de vos pr\u00e9f\u00e9rences.<\/p>\n<p>Merci d&#8217;avance pour votre cooperation<br \/>\nL&#8217;\u00e9quipe BGEMC<\/p>\n","protected":false},"excerpt":{"rendered":"<p>Blue Guide EMC Lab s&#8217;int\u00e9resse \u00e0 votre opinion. Comment appr\u00e9ciez-vous nos services aussi bien dans ses aspects positifs que n\u00e9gatifs. Veuillez bien nous en informer<\/p>\n","protected":false},"author":1,"featured_media":108,"parent":0,"menu_order":1,"comment_status":"closed","ping_status":"closed","template":"","meta":{"inline_featured_image":false,"footnotes":""},"class_list":["post-700","page","type-page","status-publish","has-post-thumbnail","hentry"],"_links":{"self":[{"href":"https:\/\/www.bgemc.com\/index.php?rest_route=\/wp\/v2\/pages\/700","targetHints":{"allow":["GET"]}}],"collection":[{"href":"https:\/\/www.bgemc.com\/index.php?rest_route=\/wp\/v2\/pages"}],"about":[{"href":"https:\/\/www.bgemc.com\/index.php?rest_route=\/wp\/v2\/types\/page"}],"author":[{"embeddable":true,"href":"https:\/\/www.bgemc.com\/index.php?rest_route=\/wp\/v2\/users\/1"}],"replies":[{"embeddable":true,"href":"https:\/\/www.bgemc.com\/index.php?rest_route=%2Fwp%2Fv2%2Fcomments&post=700"}],"version-history":[{"count":0,"href":"https:\/\/www.bgemc.com\/index.php?rest_route=\/wp\/v2\/pages\/700\/revisions"}],"wp:featuredmedia":[{"embeddable":true,"href":"https:\/\/www.bgemc.com\/index.php?rest_route=\/wp\/v2\/media\/108"}],"wp:attachment":[{"href":"https:\/\/www.bgemc.com\/index.php?rest_route=%2Fwp%2Fv2%2Fmedia&parent=700"}],"curies":[{"name":"wp","href":"https:\/\/api.w.org\/{rel}","templated":true}]}}