{"id":802,"date":"2019-03-26T09:37:05","date_gmt":"2019-03-26T09:37:05","guid":{"rendered":"https:\/\/www.bgemc.com\/wp\/?page_id=802"},"modified":"2019-03-26T09:44:22","modified_gmt":"2019-03-26T09:44:22","slug":"livres","status":"publish","type":"page","link":"https:\/\/www.bgemc.com\/?page_id=802&lang=fr","title":{"rendered":"Livres"},"content":{"rendered":"<p>Pour commander des livres, s&#8217;il vous pla\u00eet v\u00e9rifier la bo\u00eete(s) et\u00a0compl\u00e9ter votre donn\u00e9es. Vous recevrez un e-mail avec une vue d&#8217;ensemble de votre commande et instructions sur la mani\u00e8re de payer.<\/p>\n<ul class=\"product_list_widget\"><li>\n\t\n\t<a href=\"https:\/\/www.bgemc.com\/?product=electromagnetic-compatibility-engineering&#038;lang=nl\">\n\t\t<img fetchpriority=\"high\" decoding=\"async\" width=\"250\" height=\"375\" src=\"https:\/\/www.bgemc.com\/wp-content\/uploads\/2018\/04\/img-electromagcomp-250x375.jpg\" class=\"attachment-woocommerce_thumbnail size-woocommerce_thumbnail\" alt=\"Electromagnetic Compatibility Engineering\" \/>\t\t<span class=\"product-title\">Electromagnetic Compatibility Engineering<\/span>\n\t<\/a>\n\n\t\t\t\t\n\t<span class=\"woocommerce-Price-amount amount\"><bdi><span class=\"woocommerce-Price-currencySymbol\">&euro;<\/span>134,00<\/bdi><\/span>\n\t<\/li>\n<li>\n\t\n\t<a href=\"https:\/\/www.bgemc.com\/?product=electromagnetic-compatibility-handbook&#038;lang=nl\">\n\t\t<img decoding=\"async\" width=\"250\" height=\"375\" src=\"https:\/\/www.bgemc.com\/wp-content\/uploads\/2018\/04\/img-electromagcompHB-250x375.jpg\" class=\"attachment-woocommerce_thumbnail size-woocommerce_thumbnail\" alt=\"Electromagnetic Compatibility Handbook\" \/>\t\t<span class=\"product-title\">Electromagnetic Compatibility Handbook<\/span>\n\t<\/a>\n\n\t\t\t\t\n\t<span class=\"woocommerce-Price-amount amount\"><bdi><span class=\"woocommerce-Price-currencySymbol\">&euro;<\/span>185,00<\/bdi><\/span>\n\t<\/li>\n<li>\n\t\n\t<a href=\"https:\/\/www.bgemc.com\/?product=electrical-product-safety-a-step-by-step-guide-to-lvd-self-assessment&#038;lang=nl\">\n\t\t<img decoding=\"async\" width=\"250\" height=\"375\" src=\"https:\/\/www.bgemc.com\/wp-content\/uploads\/2018\/04\/img-electromagprsafety-250x375.jpg\" class=\"attachment-woocommerce_thumbnail size-woocommerce_thumbnail\" alt=\"Electrical Product Safety: A Step-by-Step Guide to LVD Self Assessment\" \/>\t\t<span class=\"product-title\">Electrical Product Safety: A Step-by-Step Guide to LVD Self Assessment<\/span>\n\t<\/a>\n\n\t\t\t\t\n\t<span class=\"woocommerce-Price-amount amount\"><bdi><span class=\"woocommerce-Price-currencySymbol\">&euro;<\/span>123,00<\/bdi><\/span>\n\t<\/li>\n<li>\n\t\n\t<a href=\"https:\/\/www.bgemc.com\/?product=practical-guide-to-the-low-voltage-directive&#038;lang=nl\">\n\t\t<img loading=\"lazy\" decoding=\"async\" width=\"250\" height=\"375\" src=\"https:\/\/www.bgemc.com\/wp-content\/uploads\/2018\/04\/img-lowvoltdirective-250x375.jpg\" class=\"attachment-woocommerce_thumbnail size-woocommerce_thumbnail\" alt=\"Practical Guide to the Low Voltage Directive\" \/>\t\t<span class=\"product-title\">Practical Guide to the Low Voltage Directive<\/span>\n\t<\/a>\n\n\t\t\t\t\n\t<span class=\"woocommerce-Price-amount amount\"><bdi><span class=\"woocommerce-Price-currencySymbol\">&euro;<\/span>94,99<\/bdi><\/span>\n\t<\/li>\n<\/ul>\n","protected":false},"excerpt":{"rendered":"<p>Pour commander des livres, s&#8217;il vous pla\u00eet v\u00e9rifier la bo\u00eete(s) et\u00a0compl\u00e9ter votre donn\u00e9es. Vous recevrez un e-mail avec une vue d&#8217;ensemble de votre commande et<\/p>\n","protected":false},"author":1,"featured_media":0,"parent":0,"menu_order":1,"comment_status":"closed","ping_status":"closed","template":"","meta":{"inline_featured_image":false,"footnotes":""},"class_list":["post-802","page","type-page","status-publish","hentry"],"_links":{"self":[{"href":"https:\/\/www.bgemc.com\/index.php?rest_route=\/wp\/v2\/pages\/802","targetHints":{"allow":["GET"]}}],"collection":[{"href":"https:\/\/www.bgemc.com\/index.php?rest_route=\/wp\/v2\/pages"}],"about":[{"href":"https:\/\/www.bgemc.com\/index.php?rest_route=\/wp\/v2\/types\/page"}],"author":[{"embeddable":true,"href":"https:\/\/www.bgemc.com\/index.php?rest_route=\/wp\/v2\/users\/1"}],"replies":[{"embeddable":true,"href":"https:\/\/www.bgemc.com\/index.php?rest_route=%2Fwp%2Fv2%2Fcomments&post=802"}],"version-history":[{"count":0,"href":"https:\/\/www.bgemc.com\/index.php?rest_route=\/wp\/v2\/pages\/802\/revisions"}],"wp:attachment":[{"href":"https:\/\/www.bgemc.com\/index.php?rest_route=%2Fwp%2Fv2%2Fmedia&parent=802"}],"curies":[{"name":"wp","href":"https:\/\/api.w.org\/{rel}","templated":true}]}}