{"id":830,"date":"2019-04-03T10:02:57","date_gmt":"2019-04-03T10:02:57","guid":{"rendered":"https:\/\/www.bgemc.com\/wp\/?post_type=product&#038;p=830"},"modified":"2019-04-03T10:27:29","modified_gmt":"2019-04-03T10:27:29","slug":"sonde-detectrice","status":"publish","type":"product","link":"https:\/\/www.bgemc.com\/?product=sonde-detectrice&lang=fr","title":{"rendered":"Sonde d\u00e9tectrice"},"content":{"rendered":"<p>Nos design kits sont tous de stock et incluent une multitude de composants pour r\u00e9soudre les probl\u00e8mes de CEM.<\/p>\n","protected":false},"excerpt":{"rendered":"<p><img fetchpriority=\"high\" decoding=\"async\" class=\"alignnone size-medium\" src=\"https:\/\/www.bgemc.com\/wp\/wp-content\/uploads\/2019\/04\/1158-probe-specs.jpg\" width=\"480\" height=\"257\" \/><\/p>\n","protected":false},"featured_media":485,"template":"","meta":{"inline_featured_image":false},"product_brand":[],"product_cat":[38],"product_tag":[],"class_list":{"0":"post-830","1":"product","2":"type-product","3":"status-publish","4":"has-post-thumbnail","6":"product_cat-kits","7":"product_shipping_class-standard","9":"first","10":"instock","11":"shipping-taxable","12":"purchasable","13":"product-type-simple"},"_links":{"self":[{"href":"https:\/\/www.bgemc.com\/index.php?rest_route=\/wp\/v2\/product\/830","targetHints":{"allow":["GET"]}}],"collection":[{"href":"https:\/\/www.bgemc.com\/index.php?rest_route=\/wp\/v2\/product"}],"about":[{"href":"https:\/\/www.bgemc.com\/index.php?rest_route=\/wp\/v2\/types\/product"}],"wp:featuredmedia":[{"embeddable":true,"href":"https:\/\/www.bgemc.com\/index.php?rest_route=\/wp\/v2\/media\/485"}],"wp:attachment":[{"href":"https:\/\/www.bgemc.com\/index.php?rest_route=%2Fwp%2Fv2%2Fmedia&parent=830"}],"wp:term":[{"taxonomy":"product_brand","embeddable":true,"href":"https:\/\/www.bgemc.com\/index.php?rest_route=%2Fwp%2Fv2%2Fproduct_brand&post=830"},{"taxonomy":"product_cat","embeddable":true,"href":"https:\/\/www.bgemc.com\/index.php?rest_route=%2Fwp%2Fv2%2Fproduct_cat&post=830"},{"taxonomy":"product_tag","embeddable":true,"href":"https:\/\/www.bgemc.com\/index.php?rest_route=%2Fwp%2Fv2%2Fproduct_tag&post=830"}],"curies":[{"name":"wp","href":"https:\/\/api.w.org\/{rel}","templated":true}]}}